{"id":330,"date":"2025-07-19T09:53:46","date_gmt":"2025-07-19T09:53:46","guid":{"rendered":"https:\/\/www.campingdestempliers-caylar-larzac.fr\/?page_id=330"},"modified":"2025-07-19T11:01:14","modified_gmt":"2025-07-19T11:01:14","slug":"nos-equipement","status":"publish","type":"page","link":"https:\/\/www.campingdestempliers-caylar-larzac.fr\/en\/nos-equipement\/","title":{"rendered":"Our equipment"},"content":{"rendered":"<div data-elementor-type=\"wp-page\" data-elementor-id=\"330\" class=\"elementor elementor-330\" data-elementor-post-type=\"page\">\n\t\t\t\t<div class=\"elementor-element elementor-element-50cd0ce e-con-full e-flex e-con e-parent\" data-id=\"50cd0ce\" data-element_type=\"container\" data-settings=\"{&quot;background_background&quot;:&quot;classic&quot;}\">\n\t\t<div class=\"elementor-element elementor-element-b6694a2 e-con-full e-flex e-con e-child\" data-id=\"b6694a2\" data-element_type=\"container\">\n\t\t\t\t<\/div>\n\t\t<div class=\"elementor-element elementor-element-5599276 e-con-full e-flex e-con e-child\" data-id=\"5599276\" data-element_type=\"container\">\n\t\t\t\t<div class=\"elementor-element elementor-element-f6b20e2 elementor-widget elementor-widget-heading\" data-id=\"f6b20e2\" data-element_type=\"widget\" data-widget_type=\"heading.default\">\n\t\t\t\t\t<h1 class=\"elementor-heading-title elementor-size-default\">Our equipment<\/h1>\t\t\t\t<\/div>\n\t\t<div class=\"elementor-element elementor-element-85a7c04 e-con-full e-flex e-con e-child\" data-id=\"85a7c04\" data-element_type=\"container\">\n\t\t\t\t<\/div>\n\t\t\t\t<\/div>\n\t\t\t\t<\/div>\n\t\t<div class=\"elementor-element elementor-element-2a1cea2 e-flex e-con-boxed e-con e-parent\" data-id=\"2a1cea2\" data-element_type=\"container\">\n\t\t\t\t\t<div class=\"e-con-inner\">\n\t\t<div class=\"elementor-element elementor-element-c6fa390 e-con-full e-flex e-con e-child\" data-id=\"c6fa390\" data-element_type=\"container\">\n\t\t\t\t<div class=\"elementor-element elementor-element-4164b4c elementor-widget elementor-widget-image\" data-id=\"4164b4c\" data-element_type=\"widget\" data-widget_type=\"image.default\">\n\t\t\t\t\t\t\t\t\t\t\t\t\t\t\t<img loading=\"lazy\" decoding=\"async\" width=\"800\" height=\"600\" src=\"https:\/\/www.campingdestempliers-caylar-larzac.fr\/wp-content\/uploads\/2025\/07\/8f9d62e8-bcc8-4333-8750-0d9bdd558b6c1-1024x768.jpg\" class=\"attachment-large size-large wp-image-251\" alt=\"\" srcset=\"https:\/\/www.campingdestempliers-caylar-larzac.fr\/wp-content\/uploads\/2025\/07\/8f9d62e8-bcc8-4333-8750-0d9bdd558b6c1-1024x768.jpg 1024w, https:\/\/www.campingdestempliers-caylar-larzac.fr\/wp-content\/uploads\/2025\/07\/8f9d62e8-bcc8-4333-8750-0d9bdd558b6c1-300x225.jpg 300w, https:\/\/www.campingdestempliers-caylar-larzac.fr\/wp-content\/uploads\/2025\/07\/8f9d62e8-bcc8-4333-8750-0d9bdd558b6c1-768x576.jpg 768w, https:\/\/www.campingdestempliers-caylar-larzac.fr\/wp-content\/uploads\/2025\/07\/8f9d62e8-bcc8-4333-8750-0d9bdd558b6c1-1536x1152.jpg 1536w, https:\/\/www.campingdestempliers-caylar-larzac.fr\/wp-content\/uploads\/2025\/07\/8f9d62e8-bcc8-4333-8750-0d9bdd558b6c1.jpg 1920w\" sizes=\"auto, (max-width: 800px) 100vw, 800px\" \/>\t\t\t\t\t\t\t\t\t\t\t\t\t\t\t<\/div>\n\t\t\t\t<div class=\"elementor-element elementor-element-e09bc5f elementor-widget elementor-widget-heading\" data-id=\"e09bc5f\" data-element_type=\"widget\" data-widget_type=\"heading.default\">\n\t\t\t\t\t<h2 class=\"elementor-heading-title elementor-size-default\">Pool<\/h2>\t\t\t\t<\/div>\n\t\t\t\t<div class=\"elementor-element elementor-element-ced2ed6 elementor-widget elementor-widget-text-editor\" data-id=\"ced2ed6\" data-element_type=\"widget\" data-widget_type=\"text-editor.default\">\n\t\t\t\t\t\t\t\t\t<p>A quiet, sunny outdoor pool, perfect for cooling off in summer. Swimming overlooks the trees and rocks.<\/p>\t\t\t\t\t\t\t\t<\/div>\n\t\t\t\t<\/div>\n\t\t<div class=\"elementor-element elementor-element-f43f3a3 e-con-full e-flex e-con e-child\" data-id=\"f43f3a3\" data-element_type=\"container\">\n\t\t\t\t<div class=\"elementor-element elementor-element-7fa0d94 elementor-widget elementor-widget-image\" data-id=\"7fa0d94\" data-element_type=\"widget\" data-widget_type=\"image.default\">\n\t\t\t\t\t\t\t\t\t\t\t\t\t\t\t<img loading=\"lazy\" decoding=\"async\" width=\"800\" height=\"600\" src=\"https:\/\/www.campingdestempliers-caylar-larzac.fr\/wp-content\/uploads\/2025\/07\/1000014556-1024x768.jpg\" class=\"attachment-large size-large wp-image-250\" alt=\"\" srcset=\"https:\/\/www.campingdestempliers-caylar-larzac.fr\/wp-content\/uploads\/2025\/07\/1000014556-1024x768.jpg 1024w, https:\/\/www.campingdestempliers-caylar-larzac.fr\/wp-content\/uploads\/2025\/07\/1000014556-300x225.jpg 300w, https:\/\/www.campingdestempliers-caylar-larzac.fr\/wp-content\/uploads\/2025\/07\/1000014556-768x576.jpg 768w, https:\/\/www.campingdestempliers-caylar-larzac.fr\/wp-content\/uploads\/2025\/07\/1000014556.jpg 1131w\" sizes=\"auto, (max-width: 800px) 100vw, 800px\" \/>\t\t\t\t\t\t\t\t\t\t\t\t\t\t\t<\/div>\n\t\t\t\t<div class=\"elementor-element elementor-element-ac95fa9 elementor-widget elementor-widget-heading\" data-id=\"ac95fa9\" data-element_type=\"widget\" data-widget_type=\"heading.default\">\n\t\t\t\t\t<h2 class=\"elementor-heading-title elementor-size-default\">Restaurant<\/h2>\t\t\t\t<\/div>\n\t\t\t\t<div class=\"elementor-element elementor-element-4899ee6 elementor-widget elementor-widget-text-editor\" data-id=\"4899ee6\" data-element_type=\"widget\" data-widget_type=\"text-editor.default\">\n\t\t\t\t\t\t\t\t\t<p>Homemade dishes, local produce, and a relaxed atmosphere. Ideal for a gourmet break on-site, for lunch or dinner.<\/p>\t\t\t\t\t\t\t\t<\/div>\n\t\t\t\t<\/div>\n\t\t\t\t\t<\/div>\n\t\t\t\t<\/div>\n\t\t<div class=\"elementor-element elementor-element-fb5ed7a e-flex e-con-boxed e-con e-parent\" data-id=\"fb5ed7a\" data-element_type=\"container\">\n\t\t\t\t\t<div class=\"e-con-inner\">\n\t\t<div class=\"elementor-element elementor-element-4434d1e e-con-full e-flex e-con e-child\" data-id=\"4434d1e\" data-element_type=\"container\">\n\t\t\t\t<div class=\"elementor-element elementor-element-5e2879c elementor-widget elementor-widget-image\" data-id=\"5e2879c\" data-element_type=\"widget\" data-widget_type=\"image.default\">\n\t\t\t\t\t\t\t\t\t\t\t\t\t\t\t<img loading=\"lazy\" decoding=\"async\" width=\"768\" height=\"1024\" src=\"https:\/\/www.campingdestempliers-caylar-larzac.fr\/wp-content\/uploads\/2025\/07\/IMG-20241029-WA0042-768x1024.jpg\" class=\"attachment-large size-large wp-image-354\" alt=\"\" srcset=\"https:\/\/www.campingdestempliers-caylar-larzac.fr\/wp-content\/uploads\/2025\/07\/IMG-20241029-WA0042-768x1024.jpg 768w, https:\/\/www.campingdestempliers-caylar-larzac.fr\/wp-content\/uploads\/2025\/07\/IMG-20241029-WA0042-225x300.jpg 225w, https:\/\/www.campingdestempliers-caylar-larzac.fr\/wp-content\/uploads\/2025\/07\/IMG-20241029-WA0042-1152x1536.jpg 1152w, https:\/\/www.campingdestempliers-caylar-larzac.fr\/wp-content\/uploads\/2025\/07\/IMG-20241029-WA0042.jpg 1200w\" sizes=\"auto, (max-width: 768px) 100vw, 768px\" \/>\t\t\t\t\t\t\t\t\t\t\t\t\t\t\t<\/div>\n\t\t\t\t<div class=\"elementor-element elementor-element-e46a75f elementor-widget elementor-widget-heading\" data-id=\"e46a75f\" data-element_type=\"widget\" data-widget_type=\"heading.default\">\n\t\t\t\t\t<h2 class=\"elementor-heading-title elementor-size-default\">Sanitary facilities<\/h2>\t\t\t\t<\/div>\n\t\t\t\t<div class=\"elementor-element elementor-element-cb2ce6e elementor-widget elementor-widget-text-editor\" data-id=\"cb2ce6e\" data-element_type=\"widget\" data-widget_type=\"text-editor.default\">\n\t\t\t\t\t\t\t\t\t<p>Spacious showers, sinks, toilets, and dishwashing sinks are accessible 24\/7. Cleaned regularly for your comfort.<\/p>\t\t\t\t\t\t\t\t<\/div>\n\t\t\t\t<\/div>\n\t\t<div class=\"elementor-element elementor-element-725b9cb e-con-full e-flex e-con e-child\" data-id=\"725b9cb\" data-element_type=\"container\">\n\t\t\t\t<div class=\"elementor-element elementor-element-09ff856 elementor-widget elementor-widget-image\" data-id=\"09ff856\" data-element_type=\"widget\" data-widget_type=\"image.default\">\n\t\t\t\t\t\t\t\t\t\t\t\t\t\t\t<img loading=\"lazy\" decoding=\"async\" width=\"800\" height=\"532\" src=\"https:\/\/www.campingdestempliers-caylar-larzac.fr\/wp-content\/uploads\/2025\/07\/templierscaylar-32-1024x681.webp\" class=\"attachment-large size-large wp-image-95\" alt=\"\" srcset=\"https:\/\/www.campingdestempliers-caylar-larzac.fr\/wp-content\/uploads\/2025\/07\/templierscaylar-32-1024x681.webp 1024w, https:\/\/www.campingdestempliers-caylar-larzac.fr\/wp-content\/uploads\/2025\/07\/templierscaylar-32-300x199.webp 300w, https:\/\/www.campingdestempliers-caylar-larzac.fr\/wp-content\/uploads\/2025\/07\/templierscaylar-32-768x510.webp 768w, https:\/\/www.campingdestempliers-caylar-larzac.fr\/wp-content\/uploads\/2025\/07\/templierscaylar-32-1536x1021.webp 1536w, https:\/\/www.campingdestempliers-caylar-larzac.fr\/wp-content\/uploads\/2025\/07\/templierscaylar-32.webp 1625w\" sizes=\"auto, (max-width: 800px) 100vw, 800px\" \/>\t\t\t\t\t\t\t\t\t\t\t\t\t\t\t<\/div>\n\t\t\t\t<div class=\"elementor-element elementor-element-957c2dd elementor-widget elementor-widget-heading\" data-id=\"957c2dd\" data-element_type=\"widget\" data-widget_type=\"heading.default\">\n\t\t\t\t\t<h2 class=\"elementor-heading-title elementor-size-default\">Wellness area<\/h2>\t\t\t\t<\/div>\n\t\t\t\t<div class=\"elementor-element elementor-element-08fabf2 elementor-widget elementor-widget-text-editor\" data-id=\"08fabf2\" data-element_type=\"widget\" data-widget_type=\"text-editor.default\">\n\t\t\t\t\t\t\t\t\t<p>Sauna, jacuzzi depending on the season. A wellness break in the heart of Larzac.<\/p>\t\t\t\t\t\t\t\t<\/div>\n\t\t\t\t<\/div>\n\t\t\t\t\t<\/div>\n\t\t\t\t<\/div>\n\t\t<div class=\"elementor-element elementor-element-4380bc1 e-flex e-con-boxed e-con e-parent\" data-id=\"4380bc1\" data-element_type=\"container\">\n\t\t\t\t\t<div class=\"e-con-inner\">\n\t\t<div class=\"elementor-element elementor-element-57002ee e-con-full e-flex e-con e-child\" data-id=\"57002ee\" data-element_type=\"container\">\n\t\t\t\t<div class=\"elementor-element elementor-element-ceb1c7b elementor-widget elementor-widget-image\" data-id=\"ceb1c7b\" data-element_type=\"widget\" data-widget_type=\"image.default\">\n\t\t\t\t\t\t\t\t\t\t\t\t\t\t\t<img loading=\"lazy\" decoding=\"async\" width=\"768\" height=\"1024\" src=\"https:\/\/www.campingdestempliers-caylar-larzac.fr\/wp-content\/uploads\/2025\/07\/20250710_132508-768x1024.jpg\" class=\"attachment-large size-large wp-image-299\" alt=\"\" srcset=\"https:\/\/www.campingdestempliers-caylar-larzac.fr\/wp-content\/uploads\/2025\/07\/20250710_132508-768x1024.jpg 768w, https:\/\/www.campingdestempliers-caylar-larzac.fr\/wp-content\/uploads\/2025\/07\/20250710_132508-225x300.jpg 225w, https:\/\/www.campingdestempliers-caylar-larzac.fr\/wp-content\/uploads\/2025\/07\/20250710_132508-1152x1536.jpg 1152w, https:\/\/www.campingdestempliers-caylar-larzac.fr\/wp-content\/uploads\/2025\/07\/20250710_132508.jpg 1440w\" sizes=\"auto, (max-width: 768px) 100vw, 768px\" \/>\t\t\t\t\t\t\t\t\t\t\t\t\t\t\t<\/div>\n\t\t\t\t<div class=\"elementor-element elementor-element-eb07c4e elementor-widget elementor-widget-heading\" data-id=\"eb07c4e\" data-element_type=\"widget\" data-widget_type=\"heading.default\">\n\t\t\t\t\t<h2 class=\"elementor-heading-title elementor-size-default\">Petanque ground<\/h2>\t\t\t\t<\/div>\n\t\t\t\t<div class=\"elementor-element elementor-element-8914bb5 elementor-widget elementor-widget-text-editor\" data-id=\"8914bb5\" data-element_type=\"widget\" data-widget_type=\"text-editor.default\">\n\t\t\t\t\t\t\t\t\t<p>A must-see meeting place at the end of the day. Boules are available at reception.<\/p>\t\t\t\t\t\t\t\t<\/div>\n\t\t\t\t<\/div>\n\t\t<div class=\"elementor-element elementor-element-bea377b e-con-full e-flex e-con e-child\" data-id=\"bea377b\" data-element_type=\"container\">\n\t\t\t\t<div class=\"elementor-element elementor-element-a9482f3 elementor-widget elementor-widget-image\" data-id=\"a9482f3\" data-element_type=\"widget\" data-widget_type=\"image.default\">\n\t\t\t\t\t\t\t\t\t\t\t\t\t\t\t<img loading=\"lazy\" decoding=\"async\" width=\"800\" height=\"600\" src=\"https:\/\/www.campingdestempliers-caylar-larzac.fr\/wp-content\/uploads\/2025\/07\/jeux-1024x768.jpg\" class=\"attachment-large size-large wp-image-34\" alt=\"\" srcset=\"https:\/\/www.campingdestempliers-caylar-larzac.fr\/wp-content\/uploads\/2025\/07\/jeux-1024x768.jpg 1024w, https:\/\/www.campingdestempliers-caylar-larzac.fr\/wp-content\/uploads\/2025\/07\/jeux-300x225.jpg 300w, https:\/\/www.campingdestempliers-caylar-larzac.fr\/wp-content\/uploads\/2025\/07\/jeux-768x576.jpg 768w, https:\/\/www.campingdestempliers-caylar-larzac.fr\/wp-content\/uploads\/2025\/07\/jeux-1536x1152.jpg 1536w, https:\/\/www.campingdestempliers-caylar-larzac.fr\/wp-content\/uploads\/2025\/07\/jeux.jpg 1920w\" sizes=\"auto, (max-width: 800px) 100vw, 800px\" \/>\t\t\t\t\t\t\t\t\t\t\t\t\t\t\t<\/div>\n\t\t\t\t<div class=\"elementor-element elementor-element-a69b016 elementor-widget elementor-widget-heading\" data-id=\"a69b016\" data-element_type=\"widget\" data-widget_type=\"heading.default\">\n\t\t\t\t\t<h2 class=\"elementor-heading-title elementor-size-default\">Children&#039;s area<\/h2>\t\t\t\t<\/div>\n\t\t\t\t<div class=\"elementor-element elementor-element-3bce446 elementor-widget elementor-widget-text-editor\" data-id=\"3bce446\" data-element_type=\"widget\" data-widget_type=\"text-editor.default\">\n\t\t\t\t\t\t\t\t\t<p>Slide, swing, and wooden playhouse in a secure area. Plenty of free fun while parents relax.<\/p>\t\t\t\t\t\t\t\t<\/div>\n\t\t\t\t<\/div>\n\t\t\t\t\t<\/div>\n\t\t\t\t<\/div>\n\t\t\t\t<\/div>","protected":false},"excerpt":{"rendered":"<p>Nos \u00e9quipements Piscine Une piscine ext\u00e9rieure, calme et ensoleill\u00e9e, parfaite pour se rafra\u00eechir en \u00e9t\u00e9. Baignade avec vue sur les arbres et les rochers. Restaurant Plats maison, produits locaux, et ambiance d\u00e9tendue. Id\u00e9al pour une pause gourmande sur place, midi et soir. Sanitaires Douches spacieuses, lavabos, WC et bacs \u00e0 vaisselle accessibles 24h\/24. Nettoy\u00e9s r\u00e9guli\u00e8rement [&hellip;]<\/p>","protected":false},"author":1,"featured_media":0,"parent":0,"menu_order":0,"comment_status":"closed","ping_status":"closed","template":"","meta":{"footnotes":""},"class_list":["post-330","page","type-page","status-publish","hentry"],"yoast_head":"<!-- This site is optimized with the Yoast SEO plugin v25.8 - https:\/\/yoast.com\/wordpress\/plugins\/seo\/ -->\n<title>Nos \u00e9quipement - Camping Le Caylar | Camping Piscine Restaurant des Templiers<\/title>\n<meta name=\"robots\" content=\"index, follow, max-snippet:-1, max-image-preview:large, max-video-preview:-1\" \/>\n<link rel=\"canonical\" href=\"https:\/\/www.campingdestempliers-caylar-larzac.fr\/en\/nos-equipement\/\" \/>\n<meta property=\"og:locale\" content=\"en_GB\" \/>\n<meta property=\"og:type\" content=\"article\" \/>\n<meta property=\"og:title\" content=\"Nos \u00e9quipement - Camping Le Caylar | Camping Piscine Restaurant des Templiers\" \/>\n<meta property=\"og:description\" content=\"Nos \u00e9quipements Piscine Une piscine ext\u00e9rieure, calme et ensoleill\u00e9e, parfaite pour se rafra\u00eechir en \u00e9t\u00e9. Baignade avec vue sur les arbres et les rochers. Restaurant Plats maison, produits locaux, et ambiance d\u00e9tendue. Id\u00e9al pour une pause gourmande sur place, midi et soir. Sanitaires Douches spacieuses, lavabos, WC et bacs \u00e0 vaisselle accessibles 24h\/24. Nettoy\u00e9s r\u00e9guli\u00e8rement [&hellip;]\" \/>\n<meta property=\"og:url\" content=\"https:\/\/www.campingdestempliers-caylar-larzac.fr\/en\/nos-equipement\/\" \/>\n<meta property=\"og:site_name\" content=\"Camping Le Caylar | Camping Piscine Restaurant des Templiers\" \/>\n<meta property=\"article:modified_time\" content=\"2025-07-19T11:01:14+00:00\" \/>\n<meta property=\"og:image\" content=\"https:\/\/www.campingdestempliers-caylar-larzac.fr\/wp-content\/uploads\/2025\/07\/8f9d62e8-bcc8-4333-8750-0d9bdd558b6c1.jpg\" \/>\n\t<meta property=\"og:image:width\" content=\"1920\" \/>\n\t<meta property=\"og:image:height\" content=\"1440\" \/>\n\t<meta property=\"og:image:type\" content=\"image\/jpeg\" \/>\n<meta name=\"twitter:card\" content=\"summary_large_image\" \/>\n<meta name=\"twitter:label1\" content=\"Estimated reading time\" \/>\n\t<meta name=\"twitter:data1\" content=\"1 minute\" \/>\n<script type=\"application\/ld+json\" class=\"yoast-schema-graph\">{\"@context\":\"https:\/\/schema.org\",\"@graph\":[{\"@type\":\"WebPage\",\"@id\":\"https:\/\/www.campingdestempliers-caylar-larzac.fr\/nos-equipement\/\",\"url\":\"https:\/\/www.campingdestempliers-caylar-larzac.fr\/nos-equipement\/\",\"name\":\"Nos \u00e9quipement - Camping Le Caylar | Camping Piscine Restaurant des Templiers\",\"isPartOf\":{\"@id\":\"https:\/\/www.campingdestempliers-caylar-larzac.fr\/#website\"},\"primaryImageOfPage\":{\"@id\":\"https:\/\/www.campingdestempliers-caylar-larzac.fr\/nos-equipement\/#primaryimage\"},\"image\":{\"@id\":\"https:\/\/www.campingdestempliers-caylar-larzac.fr\/nos-equipement\/#primaryimage\"},\"thumbnailUrl\":\"https:\/\/www.campingdestempliers-caylar-larzac.fr\/wp-content\/uploads\/2025\/07\/8f9d62e8-bcc8-4333-8750-0d9bdd558b6c1-1024x768.jpg\",\"datePublished\":\"2025-07-19T09:53:46+00:00\",\"dateModified\":\"2025-07-19T11:01:14+00:00\",\"breadcrumb\":{\"@id\":\"https:\/\/www.campingdestempliers-caylar-larzac.fr\/nos-equipement\/#breadcrumb\"},\"inLanguage\":\"en-GB\",\"potentialAction\":[{\"@type\":\"ReadAction\",\"target\":[\"https:\/\/www.campingdestempliers-caylar-larzac.fr\/nos-equipement\/\"]}]},{\"@type\":\"ImageObject\",\"inLanguage\":\"en-GB\",\"@id\":\"https:\/\/www.campingdestempliers-caylar-larzac.fr\/nos-equipement\/#primaryimage\",\"url\":\"https:\/\/www.campingdestempliers-caylar-larzac.fr\/wp-content\/uploads\/2025\/07\/8f9d62e8-bcc8-4333-8750-0d9bdd558b6c1-1024x768.jpg\",\"contentUrl\":\"https:\/\/www.campingdestempliers-caylar-larzac.fr\/wp-content\/uploads\/2025\/07\/8f9d62e8-bcc8-4333-8750-0d9bdd558b6c1-1024x768.jpg\"},{\"@type\":\"BreadcrumbList\",\"@id\":\"https:\/\/www.campingdestempliers-caylar-larzac.fr\/nos-equipement\/#breadcrumb\",\"itemListElement\":[{\"@type\":\"ListItem\",\"position\":1,\"name\":\"Accueil\",\"item\":\"https:\/\/www.campingdestempliers-caylar-larzac.fr\/\"},{\"@type\":\"ListItem\",\"position\":2,\"name\":\"Nos \u00e9quipement\"}]},{\"@type\":\"WebSite\",\"@id\":\"https:\/\/www.campingdestempliers-caylar-larzac.fr\/#website\",\"url\":\"https:\/\/www.campingdestempliers-caylar-larzac.fr\/\",\"name\":\"Camping Le Caylar | Camping Piscine Restaurant des Templiers\",\"description\":\"\",\"publisher\":{\"@id\":\"https:\/\/www.campingdestempliers-caylar-larzac.fr\/#organization\"},\"potentialAction\":[{\"@type\":\"SearchAction\",\"target\":{\"@type\":\"EntryPoint\",\"urlTemplate\":\"https:\/\/www.campingdestempliers-caylar-larzac.fr\/?s={search_term_string}\"},\"query-input\":{\"@type\":\"PropertyValueSpecification\",\"valueRequired\":true,\"valueName\":\"search_term_string\"}}],\"inLanguage\":\"en-GB\"},{\"@type\":\"Organization\",\"@id\":\"https:\/\/www.campingdestempliers-caylar-larzac.fr\/#organization\",\"name\":\"Camping Le Caylar | Camping Piscine Restaurant des Templiers\",\"url\":\"https:\/\/www.campingdestempliers-caylar-larzac.fr\/\",\"logo\":{\"@type\":\"ImageObject\",\"inLanguage\":\"en-GB\",\"@id\":\"https:\/\/www.campingdestempliers-caylar-larzac.fr\/#\/schema\/logo\/image\/\",\"url\":\"https:\/\/www.campingdestempliers-caylar-larzac.fr\/wp-content\/uploads\/2025\/07\/WhatsApp-Image-2025-07-08-a-16.23.31_09e47579.jpg\",\"contentUrl\":\"https:\/\/www.campingdestempliers-caylar-larzac.fr\/wp-content\/uploads\/2025\/07\/WhatsApp-Image-2025-07-08-a-16.23.31_09e47579.jpg\",\"width\":1024,\"height\":1024,\"caption\":\"Camping Le Caylar | Camping Piscine Restaurant des Templiers\"},\"image\":{\"@id\":\"https:\/\/www.campingdestempliers-caylar-larzac.fr\/#\/schema\/logo\/image\/\"}}]}<\/script>\n<!-- \/ Yoast SEO plugin. -->","yoast_head_json":{"title":"Nos \u00e9quipement - Camping Le Caylar | Camping Piscine Restaurant des Templiers","robots":{"index":"index","follow":"follow","max-snippet":"max-snippet:-1","max-image-preview":"max-image-preview:large","max-video-preview":"max-video-preview:-1"},"canonical":"https:\/\/www.campingdestempliers-caylar-larzac.fr\/en\/nos-equipement\/","og_locale":"en_GB","og_type":"article","og_title":"Nos \u00e9quipement - Camping Le Caylar | Camping Piscine Restaurant des Templiers","og_description":"Nos \u00e9quipements Piscine Une piscine ext\u00e9rieure, calme et ensoleill\u00e9e, parfaite pour se rafra\u00eechir en \u00e9t\u00e9. Baignade avec vue sur les arbres et les rochers. Restaurant Plats maison, produits locaux, et ambiance d\u00e9tendue. Id\u00e9al pour une pause gourmande sur place, midi et soir. Sanitaires Douches spacieuses, lavabos, WC et bacs \u00e0 vaisselle accessibles 24h\/24. Nettoy\u00e9s r\u00e9guli\u00e8rement [&hellip;]","og_url":"https:\/\/www.campingdestempliers-caylar-larzac.fr\/en\/nos-equipement\/","og_site_name":"Camping Le Caylar | Camping Piscine Restaurant des Templiers","article_modified_time":"2025-07-19T11:01:14+00:00","og_image":[{"width":1920,"height":1440,"url":"https:\/\/www.campingdestempliers-caylar-larzac.fr\/wp-content\/uploads\/2025\/07\/8f9d62e8-bcc8-4333-8750-0d9bdd558b6c1.jpg","type":"image\/jpeg"}],"twitter_card":"summary_large_image","twitter_misc":{"Estimated reading time":"1 minute"},"schema":{"@context":"https:\/\/schema.org","@graph":[{"@type":"WebPage","@id":"https:\/\/www.campingdestempliers-caylar-larzac.fr\/nos-equipement\/","url":"https:\/\/www.campingdestempliers-caylar-larzac.fr\/nos-equipement\/","name":"Nos \u00e9quipement - Camping Le Caylar | Camping Piscine Restaurant des Templiers","isPartOf":{"@id":"https:\/\/www.campingdestempliers-caylar-larzac.fr\/#website"},"primaryImageOfPage":{"@id":"https:\/\/www.campingdestempliers-caylar-larzac.fr\/nos-equipement\/#primaryimage"},"image":{"@id":"https:\/\/www.campingdestempliers-caylar-larzac.fr\/nos-equipement\/#primaryimage"},"thumbnailUrl":"https:\/\/www.campingdestempliers-caylar-larzac.fr\/wp-content\/uploads\/2025\/07\/8f9d62e8-bcc8-4333-8750-0d9bdd558b6c1-1024x768.jpg","datePublished":"2025-07-19T09:53:46+00:00","dateModified":"2025-07-19T11:01:14+00:00","breadcrumb":{"@id":"https:\/\/www.campingdestempliers-caylar-larzac.fr\/nos-equipement\/#breadcrumb"},"inLanguage":"en-GB","potentialAction":[{"@type":"ReadAction","target":["https:\/\/www.campingdestempliers-caylar-larzac.fr\/nos-equipement\/"]}]},{"@type":"ImageObject","inLanguage":"en-GB","@id":"https:\/\/www.campingdestempliers-caylar-larzac.fr\/nos-equipement\/#primaryimage","url":"https:\/\/www.campingdestempliers-caylar-larzac.fr\/wp-content\/uploads\/2025\/07\/8f9d62e8-bcc8-4333-8750-0d9bdd558b6c1-1024x768.jpg","contentUrl":"https:\/\/www.campingdestempliers-caylar-larzac.fr\/wp-content\/uploads\/2025\/07\/8f9d62e8-bcc8-4333-8750-0d9bdd558b6c1-1024x768.jpg"},{"@type":"BreadcrumbList","@id":"https:\/\/www.campingdestempliers-caylar-larzac.fr\/nos-equipement\/#breadcrumb","itemListElement":[{"@type":"ListItem","position":1,"name":"Accueil","item":"https:\/\/www.campingdestempliers-caylar-larzac.fr\/"},{"@type":"ListItem","position":2,"name":"Nos \u00e9quipement"}]},{"@type":"WebSite","@id":"https:\/\/www.campingdestempliers-caylar-larzac.fr\/#website","url":"https:\/\/www.campingdestempliers-caylar-larzac.fr\/","name":"Camping Le Caylar | Camping with Swimming Pool and Restaurant des Templiers","description":"","publisher":{"@id":"https:\/\/www.campingdestempliers-caylar-larzac.fr\/#organization"},"potentialAction":[{"@type":"SearchAction","target":{"@type":"EntryPoint","urlTemplate":"https:\/\/www.campingdestempliers-caylar-larzac.fr\/?s={search_term_string}"},"query-input":{"@type":"PropertyValueSpecification","valueRequired":true,"valueName":"search_term_string"}}],"inLanguage":"en-GB"},{"@type":"Organization","@id":"https:\/\/www.campingdestempliers-caylar-larzac.fr\/#organization","name":"Camping Le Caylar | Camping with Swimming Pool and Restaurant des Templiers","url":"https:\/\/www.campingdestempliers-caylar-larzac.fr\/","logo":{"@type":"ImageObject","inLanguage":"en-GB","@id":"https:\/\/www.campingdestempliers-caylar-larzac.fr\/#\/schema\/logo\/image\/","url":"https:\/\/www.campingdestempliers-caylar-larzac.fr\/wp-content\/uploads\/2025\/07\/WhatsApp-Image-2025-07-08-a-16.23.31_09e47579.jpg","contentUrl":"https:\/\/www.campingdestempliers-caylar-larzac.fr\/wp-content\/uploads\/2025\/07\/WhatsApp-Image-2025-07-08-a-16.23.31_09e47579.jpg","width":1024,"height":1024,"caption":"Camping Le Caylar | Camping Piscine Restaurant des Templiers"},"image":{"@id":"https:\/\/www.campingdestempliers-caylar-larzac.fr\/#\/schema\/logo\/image\/"}}]}},"_links":{"self":[{"href":"https:\/\/www.campingdestempliers-caylar-larzac.fr\/en\/wp-json\/wp\/v2\/pages\/330","targetHints":{"allow":["GET"]}}],"collection":[{"href":"https:\/\/www.campingdestempliers-caylar-larzac.fr\/en\/wp-json\/wp\/v2\/pages"}],"about":[{"href":"https:\/\/www.campingdestempliers-caylar-larzac.fr\/en\/wp-json\/wp\/v2\/types\/page"}],"author":[{"embeddable":true,"href":"https:\/\/www.campingdestempliers-caylar-larzac.fr\/en\/wp-json\/wp\/v2\/users\/1"}],"replies":[{"embeddable":true,"href":"https:\/\/www.campingdestempliers-caylar-larzac.fr\/en\/wp-json\/wp\/v2\/comments?post=330"}],"version-history":[{"count":16,"href":"https:\/\/www.campingdestempliers-caylar-larzac.fr\/en\/wp-json\/wp\/v2\/pages\/330\/revisions"}],"predecessor-version":[{"id":423,"href":"https:\/\/www.campingdestempliers-caylar-larzac.fr\/en\/wp-json\/wp\/v2\/pages\/330\/revisions\/423"}],"wp:attachment":[{"href":"https:\/\/www.campingdestempliers-caylar-larzac.fr\/en\/wp-json\/wp\/v2\/media?parent=330"}],"curies":[{"name":"wp","href":"https:\/\/api.w.org\/{rel}","templated":true}]}}